{"id":929,"date":"2022-05-25T08:33:01","date_gmt":"2022-05-25T06:33:01","guid":{"rendered":"https:\/\/abc-cloud.de\/attina\/f1-hilfe\/?page_id=929"},"modified":"2025-05-12T09:25:14","modified_gmt":"2025-05-12T07:25:14","slug":"adressliste","status":"publish","type":"page","link":"https:\/\/abc-cloud.de\/attina\/f1-hilfe\/adressliste\/","title":{"rendered":"Kunden-Adressliste"},"content":{"rendered":"\n<h2 class=\"wp-block-heading\">Adressliste<\/h2>\n\n\n\n<p>Eine Adressliste bietet dem Benutzer die M\u00f6glichkeit, mit verschiedenen Suchkriterien die Kundendatens\u00e4tze aus der Datenbank zu erhalten.<\/p>\n\n\n\n<h3 class=\"wp-block-heading has-normal-font-size\">Suchkriterien<\/h3>\n\n\n\n<p>Klicken Sie im attina-Men\u00fc auf &#8218;Auswertungen&#8216;, dann auf &#8218;Kunden-Interessenten&#8216; und dann auf &#8218;Adressliste.<\/p>\n\n\n\n<figure class=\"wp-block-image size-full\"><img loading=\"lazy\" decoding=\"async\" width=\"949\" height=\"253\" src=\"https:\/\/abc-cloud.de\/attina\/f1-hilfe\/wp-content\/uploads\/2024\/12\/image.png\" alt=\"\" class=\"wp-image-2010\" srcset=\"https:\/\/abc-cloud.de\/attina\/f1-hilfe\/wp-content\/uploads\/2024\/12\/image.png 949w, https:\/\/abc-cloud.de\/attina\/f1-hilfe\/wp-content\/uploads\/2024\/12\/image-300x80.png 300w, https:\/\/abc-cloud.de\/attina\/f1-hilfe\/wp-content\/uploads\/2024\/12\/image-768x205.png 768w\" sizes=\"auto, (max-width: 949px) 100vw, 949px\" \/><\/figure>\n\n\n\n<p>Es erscheint nun ein Fenster, in dem die n\u00f6tigen Suchkriterien eingestellt werden k\u00f6nnen.<\/p>\n\n\n\n<figure class=\"wp-block-image size-full is-resized\"><img loading=\"lazy\" decoding=\"async\" width=\"632\" height=\"629\" src=\"https:\/\/abc-cloud.de\/attina\/f1-hilfe\/wp-content\/uploads\/2024\/12\/image-1.png\" alt=\"\" class=\"wp-image-2011\" style=\"width:354px;height:auto\" srcset=\"https:\/\/abc-cloud.de\/attina\/f1-hilfe\/wp-content\/uploads\/2024\/12\/image-1.png 632w, https:\/\/abc-cloud.de\/attina\/f1-hilfe\/wp-content\/uploads\/2024\/12\/image-1-300x300.png 300w, https:\/\/abc-cloud.de\/attina\/f1-hilfe\/wp-content\/uploads\/2024\/12\/image-1-150x150.png 150w\" sizes=\"auto, (max-width: 632px) 100vw, 632px\" \/><\/figure>\n\n\n\n<p>Sie haben hier viele Auswahlm\u00f6glichkeiten um sich die Liste ganz nach Ihren eigenen W\u00fcnschen anzeigen zu lassen. <\/p>\n\n\n\n<h3 class=\"wp-block-heading has-normal-font-size\">Sortieren und bearbeiten<\/h3>\n\n\n\n<p>Sie k\u00f6nnen nun, wie in all den anderen Listen in attina, diese Liste sortieren. Klicken Sie zum Sortieren in die Spalten\u00fcberschrift. Es erscheint ein kleiner schwarzer Pfeil. <\/p>\n\n\n\n<figure class=\"wp-block-image size-full\"><img loading=\"lazy\" decoding=\"async\" width=\"949\" height=\"152\" src=\"https:\/\/abc-cloud.de\/attina\/f1-hilfe\/wp-content\/uploads\/2024\/12\/image-2.png\" alt=\"\" class=\"wp-image-2012\" srcset=\"https:\/\/abc-cloud.de\/attina\/f1-hilfe\/wp-content\/uploads\/2024\/12\/image-2.png 949w, https:\/\/abc-cloud.de\/attina\/f1-hilfe\/wp-content\/uploads\/2024\/12\/image-2-300x48.png 300w, https:\/\/abc-cloud.de\/attina\/f1-hilfe\/wp-content\/uploads\/2024\/12\/image-2-768x123.png 768w\" sizes=\"auto, (max-width: 949px) 100vw, 949px\" \/><\/figure>\n\n\n\n<p>Mit Klick auf den kleinen schwarzen Pfeil in der Spalten\u00fcberschrift k\u00f6nnen Sie die Daten innerhalb dieser Spalte auf- oder absteigend im Wert (bei Zahlen) oder von alphabetisch sortieren. <\/p>\n\n\n\n<p>Mit einem Rechtsklick innerhalb der Tabelle, k\u00f6nnen Sie im Kontextmen\u00fc w\u00e4hlen, wie sie mit der Liste weiter vorgehen wollen. Sie k\u00f6nnen sich direkt zu, markierten Kunden weiterleiten lassen, oder die Liste exportieren (Ausgabe als Excel-Datei), oder drucken:<\/p>\n\n\n\n<figure class=\"wp-block-image size-full\"><img loading=\"lazy\" decoding=\"async\" width=\"518\" height=\"341\" src=\"https:\/\/abc-cloud.de\/attina\/f1-hilfe\/wp-content\/uploads\/2024\/12\/image-5.png\" alt=\"\" class=\"wp-image-2015\" srcset=\"https:\/\/abc-cloud.de\/attina\/f1-hilfe\/wp-content\/uploads\/2024\/12\/image-5.png 518w, https:\/\/abc-cloud.de\/attina\/f1-hilfe\/wp-content\/uploads\/2024\/12\/image-5-300x197.png 300w\" sizes=\"auto, (max-width: 518px) 100vw, 518px\" \/><\/figure>\n\n\n\n<p>Klicken Sie im Modulfenster oben auf das Trichter-Icon \u00f6ffnet sich das Auswahlfenster zum Filtern der Liste. <\/p>\n\n\n\n<figure class=\"wp-block-image size-full\"><img loading=\"lazy\" decoding=\"async\" width=\"625\" height=\"202\" src=\"https:\/\/abc-cloud.de\/attina\/f1-hilfe\/wp-content\/uploads\/2024\/12\/image-6.png\" alt=\"\" class=\"wp-image-2016\" srcset=\"https:\/\/abc-cloud.de\/attina\/f1-hilfe\/wp-content\/uploads\/2024\/12\/image-6.png 625w, https:\/\/abc-cloud.de\/attina\/f1-hilfe\/wp-content\/uploads\/2024\/12\/image-6-300x97.png 300w\" sizes=\"auto, (max-width: 625px) 100vw, 625px\" \/><\/figure>\n","protected":false},"excerpt":{"rendered":"<p>Adressliste Eine Adressliste bietet dem Benutzer die M\u00f6glichkeit, mit verschiedenen Suchkriterien die Kundendatens\u00e4tze aus der Datenbank zu erhalten. Suchkriterien Klicken Sie im attina-Men\u00fc auf &#8218;Auswertungen&#8216;, dann auf &#8218;Kunden-Interessenten&#8216; und dann auf &#8218;Adressliste. Es erscheint nun ein Fenster, in dem die n\u00f6tigen Suchkriterien eingestellt werden k\u00f6nnen. Sie haben hier viele Auswahlm\u00f6glichkeiten um sich die Liste ganz [&hellip;]<\/p>\n","protected":false},"author":1,"featured_media":0,"parent":0,"menu_order":0,"comment_status":"closed","ping_status":"closed","template":"","meta":{"footnotes":""},"class_list":["post-929","page","type-page","status-publish","hentry"],"_links":{"self":[{"href":"https:\/\/abc-cloud.de\/attina\/f1-hilfe\/wp-json\/wp\/v2\/pages\/929","targetHints":{"allow":["GET"]}}],"collection":[{"href":"https:\/\/abc-cloud.de\/attina\/f1-hilfe\/wp-json\/wp\/v2\/pages"}],"about":[{"href":"https:\/\/abc-cloud.de\/attina\/f1-hilfe\/wp-json\/wp\/v2\/types\/page"}],"author":[{"embeddable":true,"href":"https:\/\/abc-cloud.de\/attina\/f1-hilfe\/wp-json\/wp\/v2\/users\/1"}],"replies":[{"embeddable":true,"href":"https:\/\/abc-cloud.de\/attina\/f1-hilfe\/wp-json\/wp\/v2\/comments?post=929"}],"version-history":[{"count":7,"href":"https:\/\/abc-cloud.de\/attina\/f1-hilfe\/wp-json\/wp\/v2\/pages\/929\/revisions"}],"predecessor-version":[{"id":2530,"href":"https:\/\/abc-cloud.de\/attina\/f1-hilfe\/wp-json\/wp\/v2\/pages\/929\/revisions\/2530"}],"wp:attachment":[{"href":"https:\/\/abc-cloud.de\/attina\/f1-hilfe\/wp-json\/wp\/v2\/media?parent=929"}],"curies":[{"name":"wp","href":"https:\/\/api.w.org\/{rel}","templated":true}]}}