{"id":932,"date":"2022-05-25T10:18:41","date_gmt":"2022-05-25T08:18:41","guid":{"rendered":"https:\/\/abc-cloud.de\/attina\/f1-hilfe\/?page_id=932"},"modified":"2022-09-27T09:28:16","modified_gmt":"2022-09-27T07:28:16","slug":"auftragsliste","status":"publish","type":"page","link":"https:\/\/abc-cloud.de\/attina\/f1-hilfe\/auftragsliste\/","title":{"rendered":"Auftragsliste"},"content":{"rendered":"\n<h2 class=\"has-normal-font-size wp-block-heading\">Liste der Auftr\u00e4ge<\/h2>\n\n\n\n<p>Die \u201eAuftragsliste\u201c zeigt alle aktuellen Auftr\u00e4ge zu einem oder mehreren Mitarbeitern an. Anhand der linken Auswahlliste k\u00f6nnen Sie die beliebig vielen Mitarbeiter mit deren aktuellen Auftr\u00e4gen anzeigen lassen. Das Gegenst\u00fcck ist die Auswahl nach Kunde.<\/p>\n\n\n\n<figure class=\"wp-block-image size-large is-resized\"><a href=\"https:\/\/abc-cloud.de\/attina\/f1-hilfe\/wp-content\/uploads\/2022\/09\/Screenshot-Auftragsliste-w.webp\"><img loading=\"lazy\" decoding=\"async\" src=\"https:\/\/abc-cloud.de\/attina\/f1-hilfe\/wp-content\/uploads\/2022\/09\/Screenshot-Auftragsliste-w-1024x253.webp\" alt=\"\" class=\"wp-image-1392\" width=\"775\" height=\"191\" srcset=\"https:\/\/abc-cloud.de\/attina\/f1-hilfe\/wp-content\/uploads\/2022\/09\/Screenshot-Auftragsliste-w-1024x253.webp 1024w, https:\/\/abc-cloud.de\/attina\/f1-hilfe\/wp-content\/uploads\/2022\/09\/Screenshot-Auftragsliste-w-300x74.webp 300w, https:\/\/abc-cloud.de\/attina\/f1-hilfe\/wp-content\/uploads\/2022\/09\/Screenshot-Auftragsliste-w-768x190.webp 768w, https:\/\/abc-cloud.de\/attina\/f1-hilfe\/wp-content\/uploads\/2022\/09\/Screenshot-Auftragsliste-w-1200x297.webp 1200w, https:\/\/abc-cloud.de\/attina\/f1-hilfe\/wp-content\/uploads\/2022\/09\/Screenshot-Auftragsliste-w.webp 1366w\" sizes=\"auto, (max-width: 775px) 100vw, 775px\" \/><\/a><\/figure>\n\n\n\n<p>Mit der rechten Maustaste k\u00f6nnen sie alle Mitarbeiter ausw\u00e4hlen, die Auswahl aufheben oder umkehren sowie die Tabelle exportieren.<\/p>\n\n\n\n<figure class=\"wp-block-image size-full\"><img loading=\"lazy\" decoding=\"async\" width=\"169\" height=\"98\" src=\"https:\/\/abc-cloud.de\/attina\/f1-hilfe\/wp-content\/uploads\/2022\/05\/AL2.png\" alt=\"\" class=\"wp-image-934\"\/><\/figure>\n","protected":false},"excerpt":{"rendered":"<p>Liste der Auftr\u00e4ge Die \u201eAuftragsliste\u201c zeigt alle aktuellen Auftr\u00e4ge zu einem oder mehreren Mitarbeitern an. Anhand der linken Auswahlliste k\u00f6nnen Sie die beliebig vielen Mitarbeiter mit deren aktuellen Auftr\u00e4gen anzeigen lassen. Das Gegenst\u00fcck ist die Auswahl nach Kunde. Mit der rechten Maustaste k\u00f6nnen sie alle Mitarbeiter ausw\u00e4hlen, die Auswahl aufheben oder umkehren sowie die Tabelle [&hellip;]<\/p>\n","protected":false},"author":1,"featured_media":0,"parent":0,"menu_order":0,"comment_status":"closed","ping_status":"closed","template":"","meta":{"footnotes":""},"class_list":["post-932","page","type-page","status-publish","hentry"],"_links":{"self":[{"href":"https:\/\/abc-cloud.de\/attina\/f1-hilfe\/wp-json\/wp\/v2\/pages\/932","targetHints":{"allow":["GET"]}}],"collection":[{"href":"https:\/\/abc-cloud.de\/attina\/f1-hilfe\/wp-json\/wp\/v2\/pages"}],"about":[{"href":"https:\/\/abc-cloud.de\/attina\/f1-hilfe\/wp-json\/wp\/v2\/types\/page"}],"author":[{"embeddable":true,"href":"https:\/\/abc-cloud.de\/attina\/f1-hilfe\/wp-json\/wp\/v2\/users\/1"}],"replies":[{"embeddable":true,"href":"https:\/\/abc-cloud.de\/attina\/f1-hilfe\/wp-json\/wp\/v2\/comments?post=932"}],"version-history":[{"count":2,"href":"https:\/\/abc-cloud.de\/attina\/f1-hilfe\/wp-json\/wp\/v2\/pages\/932\/revisions"}],"predecessor-version":[{"id":1393,"href":"https:\/\/abc-cloud.de\/attina\/f1-hilfe\/wp-json\/wp\/v2\/pages\/932\/revisions\/1393"}],"wp:attachment":[{"href":"https:\/\/abc-cloud.de\/attina\/f1-hilfe\/wp-json\/wp\/v2\/media?parent=932"}],"curies":[{"name":"wp","href":"https:\/\/api.w.org\/{rel}","templated":true}]}}