{"id":936,"date":"2022-05-25T10:18:48","date_gmt":"2022-05-25T08:18:48","guid":{"rendered":"https:\/\/abc-cloud.de\/attina\/f1-hilfe\/?page_id=936"},"modified":"2022-09-27T09:35:03","modified_gmt":"2022-09-27T07:35:03","slug":"auftragsliste-einfach","status":"publish","type":"page","link":"https:\/\/abc-cloud.de\/attina\/f1-hilfe\/auftragsliste-einfach\/","title":{"rendered":"Auftragsliste einfach"},"content":{"rendered":"\n<h2 class=\"has-normal-font-size wp-block-heading\">Auftragsliste einfach<\/h2>\n\n\n\n<figure class=\"wp-block-image size-large is-resized\"><a href=\"https:\/\/abc-cloud.de\/attina\/f1-hilfe\/wp-content\/uploads\/2022\/09\/Screenshot-Auftragsliste-einfach-w.webp\"><img loading=\"lazy\" decoding=\"async\" src=\"https:\/\/abc-cloud.de\/attina\/f1-hilfe\/wp-content\/uploads\/2022\/09\/Screenshot-Auftragsliste-einfach-w-1024x159.webp\" alt=\"\" class=\"wp-image-1394\" width=\"774\" height=\"120\" srcset=\"https:\/\/abc-cloud.de\/attina\/f1-hilfe\/wp-content\/uploads\/2022\/09\/Screenshot-Auftragsliste-einfach-w-1024x159.webp 1024w, https:\/\/abc-cloud.de\/attina\/f1-hilfe\/wp-content\/uploads\/2022\/09\/Screenshot-Auftragsliste-einfach-w-300x47.webp 300w, https:\/\/abc-cloud.de\/attina\/f1-hilfe\/wp-content\/uploads\/2022\/09\/Screenshot-Auftragsliste-einfach-w-768x119.webp 768w, https:\/\/abc-cloud.de\/attina\/f1-hilfe\/wp-content\/uploads\/2022\/09\/Screenshot-Auftragsliste-einfach-w-1536x239.webp 1536w, https:\/\/abc-cloud.de\/attina\/f1-hilfe\/wp-content\/uploads\/2022\/09\/Screenshot-Auftragsliste-einfach-w-1200x186.webp 1200w, https:\/\/abc-cloud.de\/attina\/f1-hilfe\/wp-content\/uploads\/2022\/09\/Screenshot-Auftragsliste-einfach-w.webp 1609w\" sizes=\"auto, (max-width: 774px) 100vw, 774px\" \/><\/a><\/figure>\n\n\n\n<p>Unter Auswertungen \/ Auftrag wird die Auftragsliste \u201eeinfach\u201c angezeigt. Die Filterung ist nach Filialen, Zeitbereich (von Datum bis Datum) sowie nach Mitarbeitern m\u00f6glich. Es werden alle Auftr\u00e4ge in diesem Zeitbereich ausgew\u00e4hlt. Bei der Anzeige der Mitarbeiter und der dazugeh\u00f6rigen Auftr\u00e4ge k\u00f6nnen die einzelnen Mitarbeiter mit dem Haken ausgew\u00e4hlt und das Ergebnis mit dem Druckersymbol ausgedruckt werden.<\/p>\n","protected":false},"excerpt":{"rendered":"<p>Auftragsliste einfach Unter Auswertungen \/ Auftrag wird die Auftragsliste \u201eeinfach\u201c angezeigt. Die Filterung ist nach Filialen, Zeitbereich (von Datum bis Datum) sowie nach Mitarbeitern m\u00f6glich. Es werden alle Auftr\u00e4ge in diesem Zeitbereich ausgew\u00e4hlt. Bei der Anzeige der Mitarbeiter und der dazugeh\u00f6rigen Auftr\u00e4ge k\u00f6nnen die einzelnen Mitarbeiter mit dem Haken ausgew\u00e4hlt und das Ergebnis mit dem [&hellip;]<\/p>\n","protected":false},"author":1,"featured_media":0,"parent":0,"menu_order":0,"comment_status":"closed","ping_status":"closed","template":"","meta":{"footnotes":""},"class_list":["post-936","page","type-page","status-publish","hentry"],"_links":{"self":[{"href":"https:\/\/abc-cloud.de\/attina\/f1-hilfe\/wp-json\/wp\/v2\/pages\/936","targetHints":{"allow":["GET"]}}],"collection":[{"href":"https:\/\/abc-cloud.de\/attina\/f1-hilfe\/wp-json\/wp\/v2\/pages"}],"about":[{"href":"https:\/\/abc-cloud.de\/attina\/f1-hilfe\/wp-json\/wp\/v2\/types\/page"}],"author":[{"embeddable":true,"href":"https:\/\/abc-cloud.de\/attina\/f1-hilfe\/wp-json\/wp\/v2\/users\/1"}],"replies":[{"embeddable":true,"href":"https:\/\/abc-cloud.de\/attina\/f1-hilfe\/wp-json\/wp\/v2\/comments?post=936"}],"version-history":[{"count":2,"href":"https:\/\/abc-cloud.de\/attina\/f1-hilfe\/wp-json\/wp\/v2\/pages\/936\/revisions"}],"predecessor-version":[{"id":1395,"href":"https:\/\/abc-cloud.de\/attina\/f1-hilfe\/wp-json\/wp\/v2\/pages\/936\/revisions\/1395"}],"wp:attachment":[{"href":"https:\/\/abc-cloud.de\/attina\/f1-hilfe\/wp-json\/wp\/v2\/media?parent=936"}],"curies":[{"name":"wp","href":"https:\/\/api.w.org\/{rel}","templated":true}]}}