{"id":946,"date":"2022-05-25T12:59:05","date_gmt":"2022-05-25T10:59:05","guid":{"rendered":"https:\/\/abc-cloud.de\/attina\/f1-hilfe\/?page_id=946"},"modified":"2022-09-27T10:42:02","modified_gmt":"2022-09-27T08:42:02","slug":"vorlaeufige-rechnungen","status":"publish","type":"page","link":"https:\/\/abc-cloud.de\/attina\/f1-hilfe\/vorlaeufige-rechnungen\/","title":{"rendered":"Vorl\u00e4ufige Rechnungen"},"content":{"rendered":"\n<h2 class=\"has-normal-font-size wp-block-heading\">Vorl\u00e4ufige Rechnung<\/h2>\n\n\n\n<p>Falls alle Auftr\u00e4ge zu Beginn des Monats eingegeben und die Tagesnachweise in der Fakturierung erstellt sind, kann ein Circa-Umsatz dargestellt werden. Dar\u00fcber hinaus lassen sich mit diesem Modul \u00fcberpr\u00fcfen, welche Kunden\/Mitarbeiter noch nicht abgerechnet worden sind, in dem die Stati offen und abgerechnet gefiltert werden.<\/p>\n\n\n\n<figure class=\"wp-block-image size-large is-resized\"><a href=\"https:\/\/abc-cloud.de\/attina\/f1-hilfe\/wp-content\/uploads\/2022\/09\/Screenshot-Vorlaeufige-Rechnungen-w.webp\"><img loading=\"lazy\" decoding=\"async\" src=\"https:\/\/abc-cloud.de\/attina\/f1-hilfe\/wp-content\/uploads\/2022\/09\/Screenshot-Vorlaeufige-Rechnungen-w-1024x182.webp\" alt=\"\" class=\"wp-image-1400\" width=\"711\" height=\"126\" srcset=\"https:\/\/abc-cloud.de\/attina\/f1-hilfe\/wp-content\/uploads\/2022\/09\/Screenshot-Vorlaeufige-Rechnungen-w-1024x182.webp 1024w, https:\/\/abc-cloud.de\/attina\/f1-hilfe\/wp-content\/uploads\/2022\/09\/Screenshot-Vorlaeufige-Rechnungen-w-300x53.webp 300w, https:\/\/abc-cloud.de\/attina\/f1-hilfe\/wp-content\/uploads\/2022\/09\/Screenshot-Vorlaeufige-Rechnungen-w-768x136.webp 768w, https:\/\/abc-cloud.de\/attina\/f1-hilfe\/wp-content\/uploads\/2022\/09\/Screenshot-Vorlaeufige-Rechnungen-w-1536x272.webp 1536w, https:\/\/abc-cloud.de\/attina\/f1-hilfe\/wp-content\/uploads\/2022\/09\/Screenshot-Vorlaeufige-Rechnungen-w-1200x213.webp 1200w, https:\/\/abc-cloud.de\/attina\/f1-hilfe\/wp-content\/uploads\/2022\/09\/Screenshot-Vorlaeufige-Rechnungen-w.webp 1838w\" sizes=\"auto, (max-width: 711px) 100vw, 711px\" \/><\/a><\/figure>\n","protected":false},"excerpt":{"rendered":"<p>Vorl\u00e4ufige Rechnung Falls alle Auftr\u00e4ge zu Beginn des Monats eingegeben und die Tagesnachweise in der Fakturierung erstellt sind, kann ein Circa-Umsatz dargestellt werden. Dar\u00fcber hinaus lassen sich mit diesem Modul \u00fcberpr\u00fcfen, welche Kunden\/Mitarbeiter noch nicht abgerechnet worden sind, in dem die Stati offen und abgerechnet gefiltert werden.<\/p>\n","protected":false},"author":1,"featured_media":0,"parent":0,"menu_order":0,"comment_status":"closed","ping_status":"closed","template":"","meta":{"footnotes":""},"class_list":["post-946","page","type-page","status-publish","hentry"],"_links":{"self":[{"href":"https:\/\/abc-cloud.de\/attina\/f1-hilfe\/wp-json\/wp\/v2\/pages\/946","targetHints":{"allow":["GET"]}}],"collection":[{"href":"https:\/\/abc-cloud.de\/attina\/f1-hilfe\/wp-json\/wp\/v2\/pages"}],"about":[{"href":"https:\/\/abc-cloud.de\/attina\/f1-hilfe\/wp-json\/wp\/v2\/types\/page"}],"author":[{"embeddable":true,"href":"https:\/\/abc-cloud.de\/attina\/f1-hilfe\/wp-json\/wp\/v2\/users\/1"}],"replies":[{"embeddable":true,"href":"https:\/\/abc-cloud.de\/attina\/f1-hilfe\/wp-json\/wp\/v2\/comments?post=946"}],"version-history":[{"count":2,"href":"https:\/\/abc-cloud.de\/attina\/f1-hilfe\/wp-json\/wp\/v2\/pages\/946\/revisions"}],"predecessor-version":[{"id":1401,"href":"https:\/\/abc-cloud.de\/attina\/f1-hilfe\/wp-json\/wp\/v2\/pages\/946\/revisions\/1401"}],"wp:attachment":[{"href":"https:\/\/abc-cloud.de\/attina\/f1-hilfe\/wp-json\/wp\/v2\/media?parent=946"}],"curies":[{"name":"wp","href":"https:\/\/api.w.org\/{rel}","templated":true}]}}