{"id":983,"date":"2022-05-25T10:48:09","date_gmt":"2022-05-25T08:48:09","guid":{"rendered":"https:\/\/abc-cloud.de\/attina\/f1-hilfe\/?page_id=983"},"modified":"2022-09-13T11:56:40","modified_gmt":"2022-09-13T09:56:40","slug":"jahresuebersicht","status":"publish","type":"page","link":"https:\/\/abc-cloud.de\/attina\/f1-hilfe\/jahresuebersicht\/","title":{"rendered":"Jahres\u00fcbersicht"},"content":{"rendered":"\n<h2 class=\"has-normal-font-size wp-block-heading\">Jahres\u00fcbersicht<\/h2>\n\n\n\n<figure class=\"wp-block-image size-full\"><img loading=\"lazy\" decoding=\"async\" width=\"252\" height=\"30\" src=\"https:\/\/abc-cloud.de\/attina\/f1-hilfe\/wp-content\/uploads\/2022\/05\/JH1.png\" alt=\"\" class=\"wp-image-984\"\/><\/figure>\n\n\n\n<figure class=\"wp-block-image size-large\"><a href=\"https:\/\/abc-cloud.de\/attina\/f1-hilfe\/wp-content\/uploads\/2022\/09\/Screenshot-Jahresuebersicht-w.webp\"><img loading=\"lazy\" decoding=\"async\" width=\"1024\" height=\"253\" src=\"https:\/\/abc-cloud.de\/attina\/f1-hilfe\/wp-content\/uploads\/2022\/09\/Screenshot-Jahresuebersicht-w-1024x253.webp\" alt=\"\" class=\"wp-image-1364\" srcset=\"https:\/\/abc-cloud.de\/attina\/f1-hilfe\/wp-content\/uploads\/2022\/09\/Screenshot-Jahresuebersicht-w-1024x253.webp 1024w, https:\/\/abc-cloud.de\/attina\/f1-hilfe\/wp-content\/uploads\/2022\/09\/Screenshot-Jahresuebersicht-w-300x74.webp 300w, https:\/\/abc-cloud.de\/attina\/f1-hilfe\/wp-content\/uploads\/2022\/09\/Screenshot-Jahresuebersicht-w-768x190.webp 768w, https:\/\/abc-cloud.de\/attina\/f1-hilfe\/wp-content\/uploads\/2022\/09\/Screenshot-Jahresuebersicht-w.webp 1128w\" sizes=\"auto, (max-width: 1024px) 100vw, 1024px\" \/><\/a><\/figure>\n\n\n\n<p>Eine Jahres\u00fcbersicht eines bestimmten Mitarbeiters, die \u00fcber einen Zeitraum angibt, in \u201ewelchem Zustand sich der Mitarbeiter befand. In der farbigen Legende kann man die einzelnen \u201eZust\u00e4nde&#8220; des Mitarbeiters nachvollziehen.<\/p>\n","protected":false},"excerpt":{"rendered":"<p>Jahres\u00fcbersicht Eine Jahres\u00fcbersicht eines bestimmten Mitarbeiters, die \u00fcber einen Zeitraum angibt, in \u201ewelchem Zustand sich der Mitarbeiter befand. In der farbigen Legende kann man die einzelnen \u201eZust\u00e4nde&#8220; des Mitarbeiters nachvollziehen.<\/p>\n","protected":false},"author":1,"featured_media":0,"parent":0,"menu_order":0,"comment_status":"closed","ping_status":"closed","template":"","meta":{"footnotes":""},"class_list":["post-983","page","type-page","status-publish","hentry"],"_links":{"self":[{"href":"https:\/\/abc-cloud.de\/attina\/f1-hilfe\/wp-json\/wp\/v2\/pages\/983","targetHints":{"allow":["GET"]}}],"collection":[{"href":"https:\/\/abc-cloud.de\/attina\/f1-hilfe\/wp-json\/wp\/v2\/pages"}],"about":[{"href":"https:\/\/abc-cloud.de\/attina\/f1-hilfe\/wp-json\/wp\/v2\/types\/page"}],"author":[{"embeddable":true,"href":"https:\/\/abc-cloud.de\/attina\/f1-hilfe\/wp-json\/wp\/v2\/users\/1"}],"replies":[{"embeddable":true,"href":"https:\/\/abc-cloud.de\/attina\/f1-hilfe\/wp-json\/wp\/v2\/comments?post=983"}],"version-history":[{"count":3,"href":"https:\/\/abc-cloud.de\/attina\/f1-hilfe\/wp-json\/wp\/v2\/pages\/983\/revisions"}],"predecessor-version":[{"id":2677,"href":"https:\/\/abc-cloud.de\/attina\/f1-hilfe\/wp-json\/wp\/v2\/pages\/983\/revisions\/2677"}],"wp:attachment":[{"href":"https:\/\/abc-cloud.de\/attina\/f1-hilfe\/wp-json\/wp\/v2\/media?parent=983"}],"curies":[{"name":"wp","href":"https:\/\/api.w.org\/{rel}","templated":true}]}}